{"id":791,"date":"2019-10-13T18:41:55","date_gmt":"2019-10-13T18:41:55","guid":{"rendered":"http:\/\/revistarotariave.org\/?page_id=791"},"modified":"2025-10-31T18:28:35","modified_gmt":"2025-10-31T18:28:35","slug":"lemari","status":"publish","type":"page","link":"https:\/\/revistarotariave.org\/index.php\/lemari\/","title":{"rendered":"lemari"},"content":{"rendered":"\t\t<div data-elementor-type=\"wp-post\" data-elementor-id=\"791\" class=\"elementor elementor-791\">\n\t\t\t\t\t\t<section class=\"elementor-section elementor-top-section elementor-element elementor-element-ae3b21e elementor-section-boxed elementor-section-height-default elementor-section-height-default\" data-id=\"ae3b21e\" data-element_type=\"section\" data-e-type=\"section\" data-settings=\"{&quot;background_background&quot;:&quot;classic&quot;}\">\n\t\t\t\t\t\t<div class=\"elementor-container elementor-column-gap-default\">\n\t\t\t\t\t<div class=\"elementor-column elementor-col-100 elementor-top-column elementor-element elementor-element-e501ee0\" data-id=\"e501ee0\" data-element_type=\"column\" data-e-type=\"column\">\n\t\t\t<div class=\"elementor-widget-wrap elementor-element-populated\">\n\t\t\t\t\t\t<div class=\"elementor-element elementor-element-33f431d elementor-widget elementor-widget-spacer\" data-id=\"33f431d\" data-element_type=\"widget\" data-e-type=\"widget\" data-widget_type=\"spacer.default\">\n\t\t\t\t<div class=\"elementor-widget-container\">\n\t\t\t\t\t\t\t<div class=\"elementor-spacer\">\n\t\t\t<div class=\"elementor-spacer-inner\"><\/div>\n\t\t<\/div>\n\t\t\t\t\t\t<\/div>\n\t\t\t\t<\/div>\n\t\t\t\t<div class=\"elementor-element elementor-element-f2ebb34 elementor-widget elementor-widget-spacer\" data-id=\"f2ebb34\" data-element_type=\"widget\" data-e-type=\"widget\" data-widget_type=\"spacer.default\">\n\t\t\t\t<div class=\"elementor-widget-container\">\n\t\t\t\t\t\t\t<div class=\"elementor-spacer\">\n\t\t\t<div class=\"elementor-spacer-inner\"><\/div>\n\t\t<\/div>\n\t\t\t\t\t\t<\/div>\n\t\t\t\t<\/div>\n\t\t\t\t\t<\/div>\n\t\t<\/div>\n\t\t\t\t\t<\/div>\n\t\t<\/section>\n\t\t\t\t<section class=\"elementor-section elementor-top-section elementor-element elementor-element-dc688bc elementor-section-stretched elementor-section-boxed elementor-section-height-default elementor-section-height-default\" data-id=\"dc688bc\" data-element_type=\"section\" data-e-type=\"section\" data-settings=\"{&quot;stretch_section&quot;:&quot;section-stretched&quot;,&quot;background_background&quot;:&quot;classic&quot;}\">\n\t\t\t\t\t\t<div class=\"elementor-container elementor-column-gap-default\">\n\t\t\t\t\t<div class=\"elementor-column elementor-col-100 elementor-top-column elementor-element elementor-element-ce38582\" data-id=\"ce38582\" data-element_type=\"column\" data-e-type=\"column\">\n\t\t\t<div class=\"elementor-widget-wrap elementor-element-populated\">\n\t\t\t\t\t\t<div class=\"elementor-element elementor-element-564002a elementor-widget elementor-widget-spacer\" data-id=\"564002a\" data-element_type=\"widget\" data-e-type=\"widget\" data-widget_type=\"spacer.default\">\n\t\t\t\t<div class=\"elementor-widget-container\">\n\t\t\t\t\t\t\t<div class=\"elementor-spacer\">\n\t\t\t<div class=\"elementor-spacer-inner\"><\/div>\n\t\t<\/div>\n\t\t\t\t\t\t<\/div>\n\t\t\t\t<\/div>\n\t\t\t\t<div class=\"elementor-element elementor-element-cc94f7a elementor-widget elementor-widget-heading\" data-id=\"cc94f7a\" data-element_type=\"widget\" data-e-type=\"widget\" data-widget_type=\"heading.default\">\n\t\t\t\t<div class=\"elementor-widget-container\">\n\t\t\t\t\t<h1 class=\"elementor-heading-title elementor-size-default\">El italiano Francesco Arezzo es elegido presidente de Rotary International    2025-2026<\/h1>\t\t\t\t<\/div>\n\t\t\t\t<\/div>\n\t\t\t\t<div class=\"elementor-element elementor-element-085a991 elementor-widget-divider--view-line elementor-widget elementor-widget-divider\" data-id=\"085a991\" data-element_type=\"widget\" data-e-type=\"widget\" data-widget_type=\"divider.default\">\n\t\t\t\t<div class=\"elementor-widget-container\">\n\t\t\t\t\t\t\t<div class=\"elementor-divider\">\n\t\t\t<span class=\"elementor-divider-separator\">\n\t\t\t\t\t\t<\/span>\n\t\t<\/div>\n\t\t\t\t\t\t<\/div>\n\t\t\t\t<\/div>\n\t\t\t\t<div class=\"elementor-element elementor-element-d5be406 elementor-widget elementor-widget-text-editor\" data-id=\"d5be406\" data-element_type=\"widget\" data-e-type=\"widget\" data-widget_type=\"text-editor.default\">\n\t\t\t\t<div class=\"elementor-widget-container\">\n\t\t\t\t\t\t\t\t\t<p>Francesco Arezzo, socio del Club Rotario de Ragusa (Italia), ha sido seleccionado por la Directiva de RI para ocupar el cargo de presidente de Rotary International 2025-2026. Arezzo asumir\u00e1 la presidencia el 1 de julio.<\/p><p>La Directiva de RI celebr\u00f3 una reuni\u00f3n extraordinaria tras la inesperada\u00a0<a href=\"https:\/\/my.rotary.org\/es\/rotary-international-president-elect-mario-cesar-martins-de-camargo-resigns\">dimisi\u00f3n del presidente electo de RI M\u00e1rio C\u00e9sar Martins de Camargo<\/a>\u00a0recibida este 8 de junio. Bas\u00e1ndose en el reglamento y c\u00f3digo de normas de RI, la Directiva seleccion\u00f3 al nuevo presidente electo de entre un grupo de candidatos que hab\u00edan sido considerados por el Comit\u00e9 de Propuestas para Presidente de Rotary International en agosto de 2023.<\/p>\t\t\t\t\t\t\t\t<\/div>\n\t\t\t\t<\/div>\n\t\t\t\t<div class=\"elementor-element elementor-element-6498b0b elementor-widget elementor-widget-image\" data-id=\"6498b0b\" data-element_type=\"widget\" data-e-type=\"widget\" data-widget_type=\"image.default\">\n\t\t\t\t<div class=\"elementor-widget-container\">\n\t\t\t\t\t\t\t\t\t\t\t\t\t\t\t<img fetchpriority=\"high\" decoding=\"async\" width=\"200\" height=\"300\" src=\"https:\/\/revistarotariave.org\/wp-content\/uploads\/2025\/10\/2025-06-Francesco-Arezzo-200x300.jpg\" class=\"attachment-medium size-medium wp-image-11178\" alt=\"\" srcset=\"https:\/\/revistarotariave.org\/wp-content\/uploads\/2025\/10\/2025-06-Francesco-Arezzo-200x300.jpg 200w, https:\/\/revistarotariave.org\/wp-content\/uploads\/2025\/10\/2025-06-Francesco-Arezzo.jpg 400w\" sizes=\"(max-width: 200px) 100vw, 200px\" \/>\t\t\t\t\t\t\t\t\t\t\t\t\t\t\t<\/div>\n\t\t\t\t<\/div>\n\t\t\t\t<div class=\"elementor-element elementor-element-2251501 elementor-widget elementor-widget-spacer\" data-id=\"2251501\" data-element_type=\"widget\" data-e-type=\"widget\" data-widget_type=\"spacer.default\">\n\t\t\t\t<div class=\"elementor-widget-container\">\n\t\t\t\t\t\t\t<div class=\"elementor-spacer\">\n\t\t\t<div class=\"elementor-spacer-inner\"><\/div>\n\t\t<\/div>\n\t\t\t\t\t\t<\/div>\n\t\t\t\t<\/div>\n\t\t\t\t\t<\/div>\n\t\t<\/div>\n\t\t\t\t\t<\/div>\n\t\t<\/section>\n\t\t\t\t<section class=\"elementor-section elementor-top-section elementor-element elementor-element-b423699 elementor-section-stretched elementor-section-boxed elementor-section-height-default elementor-section-height-default\" data-id=\"b423699\" data-element_type=\"section\" data-e-type=\"section\" data-settings=\"{&quot;stretch_section&quot;:&quot;section-stretched&quot;,&quot;background_background&quot;:&quot;classic&quot;}\">\n\t\t\t\t\t\t<div class=\"elementor-container elementor-column-gap-default\">\n\t\t\t\t\t<div class=\"elementor-column elementor-col-100 elementor-top-column elementor-element elementor-element-0d3aec2\" data-id=\"0d3aec2\" data-element_type=\"column\" data-e-type=\"column\">\n\t\t\t<div class=\"elementor-widget-wrap elementor-element-populated\">\n\t\t\t\t\t\t<div class=\"elementor-element elementor-element-4572d5c elementor-widget__width-initial elementor-widget elementor-widget-text-editor\" data-id=\"4572d5c\" data-element_type=\"widget\" data-e-type=\"widget\" data-widget_type=\"text-editor.default\">\n\t\t\t\t<div class=\"elementor-widget-container\">\n\t\t\t\t\t\t\t\t\t<p><strong>\u00abHemos aprendido que entre los integrantes de las comunidades est\u00e1 presente la voluntad de cuidarse unos a otros\u00bb, afirma, \u00aby debemos asegurarnos de animar a las personas adoptaron recientemente el concepto del voluntariado a unirse a nosotros para que puedan seguir prestando servicio\u00ab.<\/strong><\/p>\t\t\t\t\t\t\t\t<\/div>\n\t\t\t\t<\/div>\n\t\t\t\t<div class=\"elementor-element elementor-element-40ee03e elementor-widget elementor-widget-text-editor\" data-id=\"40ee03e\" data-element_type=\"widget\" data-e-type=\"widget\" data-widget_type=\"text-editor.default\">\n\t\t\t\t<div class=\"elementor-widget-container\">\n\t\t\t\t\t\t\t\t\t<p>\u00a0<\/p><p>El mensaje presidencial 2025-2026, anunciado en febrero en la Asamblea Internacional de Rotary 2025, seguir\u00e1 siendo\u00a0<em><a href=\"https:\/\/brandcenter.rotary.org\/es-xl\/our-brand\/brand-elements\/voice-and-messaging\/annual-ri-presidential-message\">Unidos para hacer el bien<\/a>,\u00a0<\/em>que insta a los socios de Rotary a ser una fuerza de unidad en un mundo cada vez m\u00e1s dividido por la pol\u00edtica, la geograf\u00eda y la ideolog\u00eda. A trav\u00e9s de los proyectos de servicio, Rotary une a personas de todos los or\u00edgenes -razas, religiones y profesiones- en una misi\u00f3n com\u00fan para hacer el bien en sus comunidades.<\/p>\t\t\t\t\t\t\t\t<\/div>\n\t\t\t\t<\/div>\n\t\t\t\t\t<\/div>\n\t\t<\/div>\n\t\t\t\t\t<\/div>\n\t\t<\/section>\n\t\t\t\t<section class=\"elementor-section elementor-top-section elementor-element elementor-element-b005246 elementor-section-stretched elementor-section-boxed elementor-section-height-default elementor-section-height-default\" data-id=\"b005246\" data-element_type=\"section\" data-e-type=\"section\" data-settings=\"{&quot;stretch_section&quot;:&quot;section-stretched&quot;,&quot;background_background&quot;:&quot;classic&quot;}\">\n\t\t\t\t\t\t<div class=\"elementor-container elementor-column-gap-default\">\n\t\t\t\t\t<div class=\"elementor-column elementor-col-100 elementor-top-column elementor-element elementor-element-625346d\" data-id=\"625346d\" data-element_type=\"column\" data-e-type=\"column\">\n\t\t\t<div class=\"elementor-widget-wrap elementor-element-populated\">\n\t\t\t\t\t\t<div class=\"elementor-element elementor-element-3e686fa elementor-widget elementor-widget-text-editor\" data-id=\"3e686fa\" data-element_type=\"widget\" data-e-type=\"widget\" data-widget_type=\"text-editor.default\">\n\t\t\t\t<div class=\"elementor-widget-container\">\n\t\t\t\t\t\t\t\t\t<p>Arezzo se desempe\u00f1a como ortodoncista en una pr\u00e1ctica privada. Es miembro internacional activo de las Asociaciones de Ortodoncia italiana, europea y estadounidense. Es vicepresidente de la Asociaci\u00f3n Italiana de Odontolog\u00eda en la Provincia de Ragusa y fue fundador y presidente durante siete a\u00f1os de la delegaci\u00f3n del Fondo Nacional Italiano para la provincia de Ragusa. Es Caballero de Honor y Devoci\u00f3n en Obediencia dentro de la Orden de Malta.Socio de Rotary desde hace m\u00e1s de 30 a\u00f1os, Arezzo se ha desempe\u00f1ado como vicepresidente del Comit\u00e9 Conjunto de Planificaci\u00f3n Estrat\u00e9gica y como director de RI, facilitador de aprendizaje y representante del presidente en una conferencia de distrito.<\/p><p>Arezzo es Donante Mayor y Benefactor de La Fundaci\u00f3n Rotaria. Su pareja es Anna Maria Arezzo-Criscione, empresaria en el \u00e1mbito tur\u00edstico. Tienen dos hijas.<\/p>\t\t\t\t\t\t\t\t<\/div>\n\t\t\t\t<\/div>\n\t\t\t\t<div class=\"elementor-element elementor-element-7f47bdc elementor-widget elementor-widget-image\" data-id=\"7f47bdc\" data-element_type=\"widget\" data-e-type=\"widget\" data-widget_type=\"image.default\">\n\t\t\t\t<div class=\"elementor-widget-container\">\n\t\t\t\t\t\t\t\t\t\t\t\t\t\t\t<img decoding=\"async\" width=\"1000\" height=\"625\" src=\"https:\/\/revistarotariave.org\/wp-content\/uploads\/2025\/10\/2025-07-20250622_CA_024.jpg\" class=\"attachment-large size-large wp-image-11192\" alt=\"\" srcset=\"https:\/\/revistarotariave.org\/wp-content\/uploads\/2025\/10\/2025-07-20250622_CA_024.jpg 1000w, https:\/\/revistarotariave.org\/wp-content\/uploads\/2025\/10\/2025-07-20250622_CA_024-300x188.jpg 300w, https:\/\/revistarotariave.org\/wp-content\/uploads\/2025\/10\/2025-07-20250622_CA_024-768x480.jpg 768w, https:\/\/revistarotariave.org\/wp-content\/uploads\/2025\/10\/2025-07-20250622_CA_024-80x50.jpg 80w\" sizes=\"(max-width: 1000px) 100vw, 1000px\" \/>\t\t\t\t\t\t\t\t\t\t\t\t\t\t\t<\/div>\n\t\t\t\t<\/div>\n\t\t\t\t<div class=\"elementor-element elementor-element-b5ff1ab elementor-widget elementor-widget-spacer\" data-id=\"b5ff1ab\" data-element_type=\"widget\" data-e-type=\"widget\" data-widget_type=\"spacer.default\">\n\t\t\t\t<div class=\"elementor-widget-container\">\n\t\t\t\t\t\t\t<div class=\"elementor-spacer\">\n\t\t\t<div class=\"elementor-spacer-inner\"><\/div>\n\t\t<\/div>\n\t\t\t\t\t\t<\/div>\n\t\t\t\t<\/div>\n\t\t\t\t\t<\/div>\n\t\t<\/div>\n\t\t\t\t\t<\/div>\n\t\t<\/section>\n\t\t\t\t<section class=\"elementor-section elementor-top-section elementor-element elementor-element-938d4c0 elementor-section-stretched elementor-section-boxed elementor-section-height-default elementor-section-height-default\" data-id=\"938d4c0\" data-element_type=\"section\" data-e-type=\"section\" data-settings=\"{&quot;stretch_section&quot;:&quot;section-stretched&quot;,&quot;background_background&quot;:&quot;classic&quot;}\">\n\t\t\t\t\t\t<div class=\"elementor-container elementor-column-gap-default\">\n\t\t\t\t\t<div class=\"elementor-column elementor-col-100 elementor-top-column elementor-element elementor-element-2128dd4\" data-id=\"2128dd4\" data-element_type=\"column\" data-e-type=\"column\">\n\t\t\t<div class=\"elementor-widget-wrap elementor-element-populated\">\n\t\t\t\t\t\t<div class=\"elementor-element elementor-element-1df8cee elementor-widget elementor-widget-text-editor\" data-id=\"1df8cee\" data-element_type=\"widget\" data-e-type=\"widget\" data-widget_type=\"text-editor.default\">\n\t\t\t\t<div class=\"elementor-widget-container\">\n\t\t\t\t\t\t\t\t\t<div class=\"u-container u-width-8\"><p>La siguiente entrevista tuvo lugar durante m\u00faltiples conversaciones con Arezzo en Calgary: en los pasillos durante los descansos, en el interior de un minib\u00fas de camino a un evento rotario y en una oficina improvisada en\u00a0 el sal\u00f3n de la Convenci\u00f3n que los rotarios visitaban con frecuencia para saludarle y abrazarle. A pesar de su ocupada agenda, se tom\u00f3 el tiempo para hablar con la revista Rotary sobre su vida, su trayectoria rotaria, sus planes para la organizaci\u00f3n y otras dos de sus pasiones: la \u00f3pera y el aceite de oliva.<\/p><\/div><div class=\"u-container u-width-10\">\u00a0<\/div>\t\t\t\t\t\t\t\t<\/div>\n\t\t\t\t<\/div>\n\t\t\t\t<div class=\"elementor-element elementor-element-8bd82b0 elementor-widget elementor-widget-text-editor\" data-id=\"8bd82b0\" data-element_type=\"widget\" data-e-type=\"widget\" data-widget_type=\"text-editor.default\">\n\t\t\t\t<div class=\"elementor-widget-container\">\n\t\t\t\t\t\t\t\t\t<p><strong>Pregunta: Ha trabajado como ortodoncista durante muchos a\u00f1os. \u00bfHay aspectos de su trabajo que le convierten en un rotario eficaz?<\/strong><\/p><p><strong>Respuesta:\u00a0<\/strong>Llevo 46 a\u00f1os ejerciendo como ortodoncista. Trabajo sobre todo con j\u00f3venes, y es muy importante intentar comprenderlos antes de empezar el tratamiento. Hay que ganarse su cooperaci\u00f3n. Forjar esas relaciones es uno de los mejores aspectos de mi trabajo.\u00a0<\/p><p><strong>Pregunta: Y ahora tiene sus propios nietos, \u00bfverdad?<\/strong><\/p><p><strong>Respuesta:\u00a0<\/strong>Tengo dos nietos maravillosos. El mayor, que tiene tres a\u00f1os, se llama como yo: Francesco. La menor tiene un a\u00f1o y lleva el nombre de mi pareja. As\u00ed que tenemos otro Francesco y otra Anna Maria.\u00a0<\/p><p><strong>Pregunta: Usted es rotario desde hace m\u00e1s de tres d\u00e9cadas. \u00bfRecuerda por qu\u00e9 quiso afiliarse?<\/strong><\/p><p><strong>Respuesta:\u00a0<\/strong>Al principio, Rotary era solo un lugar donde conocer nuevos amigos con puntos de vista diferentes. No fue hasta que me convert\u00ed en presidente del club que empec\u00e9 a entender realmente Rotary. Ahora, cuando hablo con rotarios, les digo que cambien los verbos que utilizan. No se \u00abva a\u00bb Rotary como se va al cine, donde uno se sienta a ver a otras personas haciendo algo. Rotary es algo que se hace. Debes participar. Y entonces empiezas a crecer.<\/p><p><strong>Pregunta: \u00bfC\u00f3mo ha crecido usted en Rotary?<\/strong><\/p><p><strong>Respuesta:\u00a0<\/strong>Cuando mi club me propuso por primera vez como presidente, no quise aceptar. Yo tartamudeaba, as\u00ed que me aterraba verme obligado a dirigirme a mi club. Pero no fue tan malo. Luego me invitaron a ser gobernador de distrito y, de nuevo, no quise aceptar. Pero una vez m\u00e1s, me convencieron. Ahora, cuando pienso en el hecho de que voy a ser presidente de Rotary International y hablar en el escenario en otro idioma, comprendo lo mucho que Rotary me ha cambiado de manera positiva y duradera.<\/p><p><strong>Pregunta: \u00bfC\u00f3mo puede Rotary transmitir a los socios y socios potenciales el sentido de este impacto?\u00a0<\/strong><\/p><p><strong>Respuesta:\u00a0<\/strong>Tenemos que mejorar nuestra comunicaci\u00f3n con los presidentes de los clubes, porque est\u00e1n en primera l\u00ednea en el trato con los socios. Aunque realizamos una magn\u00edfica labor instruyendo a los gobernadores de distrito sobre la importancia del desarrollo de la membres\u00eda y la organizaci\u00f3n de clubes nuevos, el gobernador suele hablar con el presidente de un club solo dos o tres veces al a\u00f1o. Hay demasiados presidentes de club que no tienen ni idea de por qu\u00e9 son tan importantes nuestras metas de membres\u00eda.\u00a0<\/p><p><strong>Pregunta: \u00bfQu\u00e9 retos cree que afrontar\u00e1 durante su mandato como presidente?<\/strong><\/p><p><strong>Respuesta:\u00a0<\/strong>Soy muy consciente de que comienzo en este cargo muy tarde. Aunque empiece ahora a estudiar los problemas y a fijar objetivos, no podr\u00e9 hacer gran cosa. Rotary no puede cambiar de direcci\u00f3n r\u00e1pidamente. Es como un gran crucero: Si quieres cambiar el rumbo, tienes que empezar con muchos kil\u00f3metros de antelaci\u00f3n. Espero trabajar en estrecha colaboraci\u00f3n con el presidente electo SangKoo Yun. Creo que SangKoo y yo podemos crear un plan de dos a\u00f1os que ser\u00e1 realmente efectivo.<\/p><p><strong>Pregunta: \u00bfCu\u00e1l ha sido uno de sus momentos m\u00e1s memorables en todos sus a\u00f1os en Rotary?<\/strong><\/p><p><strong>Respuesta:\u00a0<\/strong>Un momento que fue muy, muy conmovedor para m\u00ed fue cuando, como gobernador de distrito, organic\u00e9 un evento de Premios de Rotary al Liderazgo Juvenil para los distritos ribere\u00f1os del Mar Mediterr\u00e1neo: Espa\u00f1a, Francia, Grecia, Italia, Norte de \u00c1frica, Turqu\u00eda. El problema era reunir a j\u00f3venes italianos y turcos, porque se ve\u00edan como personas muy diferentes. El primer d\u00eda fue tenso; estaba claro que no se agradaban. Pero al cabo de unos d\u00edas, empezaron a descubrir que ten\u00edan los mismos gustos y los mismos sue\u00f1os.\u00a0<\/p><p>Cuando lleg\u00f3 el \u00faltimo d\u00eda, cantaron juntos la canci\u00f3n \u00abImagine\u00bb de John Lennon y representaron una parodia que hab\u00edan escrito sobre las diferencias culturales entre sus pa\u00edses. Fue una de las cosas m\u00e1s bonitas que recuerdo.\u00a0<\/p><p><strong>Pregunta: En su vida profesional, ha dirigido organizaciones comerciales de dentistas y de productores de aceite de oliva. \u00bfEn qu\u00e9 grupo es m\u00e1s dif\u00edcil alcanzar un consenso: \u00bfdentistas, productores de aceite de oliva o quiz\u00e1s los socios de Rotary?<\/strong><\/p><p><strong>Respuesta:\u00a0<\/strong>En mi experiencia, son los productores de aceite de oliva. Cada productor de aceite de oliva est\u00e1 firmemente convencido de que su aceite es el mejor del mundo. Por eso no suelen querer cooperar sinceramente con los dem\u00e1s.<\/p><p><strong>Pregunta: \u00bfCu\u00e1nto tiempo lleva produciendo aceite de oliva?\u00a0<\/strong><\/p><p><strong>Respuesta:\u00a0<\/strong>Mi familia produce aceite de oliva desde hace m\u00e1s de un siglo. Me temo que ser\u00e9 la \u00faltima generaci\u00f3n, porque a mis hijas no les interesa este campo.<\/p><p><strong>Pregunta: Tengo entendido que tambi\u00e9n le gusta la \u00f3pera. \u00bfCu\u00e1l es su \u00f3pera o compositor favorito?<\/strong><\/p><p><strong>Respuesta:\u00a0<\/strong>Un compositor que me gusta mucho es Vincenzo Bellini. Naci\u00f3 en Sicilia y muri\u00f3 muy, muy joven. Compuso pocas \u00f3peras, pero todas de gran calidad. Y, por supuesto, hay muchos otros grandes compositores como: Puccini, Verdi, Mozart. Es dif\u00edcil elegir solo uno.<\/p>\t\t\t\t\t\t\t\t<\/div>\n\t\t\t\t<\/div>\n\t\t\t\t<div class=\"elementor-element elementor-element-0ce40af elementor-widget elementor-widget-spacer\" data-id=\"0ce40af\" data-element_type=\"widget\" data-e-type=\"widget\" data-widget_type=\"spacer.default\">\n\t\t\t\t<div class=\"elementor-widget-container\">\n\t\t\t\t\t\t\t<div class=\"elementor-spacer\">\n\t\t\t<div class=\"elementor-spacer-inner\"><\/div>\n\t\t<\/div>\n\t\t\t\t\t\t<\/div>\n\t\t\t\t<\/div>\n\t\t\t\t<div class=\"elementor-element elementor-element-e429c4b elementor-widget elementor-widget-image\" data-id=\"e429c4b\" data-element_type=\"widget\" data-e-type=\"widget\" data-widget_type=\"image.default\">\n\t\t\t\t<div class=\"elementor-widget-container\">\n\t\t\t\t\t\t\t\t\t\t\t\t\t\t\t<img decoding=\"async\" width=\"1024\" height=\"256\" src=\"https:\/\/revistarotariave.org\/wp-content\/uploads\/2025\/10\/PM2526-BC-WEBBANNER-CRANBERRY-1600x400-ES-XL-1-1024x256.png\" class=\"attachment-large size-large wp-image-11121\" alt=\"\" srcset=\"https:\/\/revistarotariave.org\/wp-content\/uploads\/2025\/10\/PM2526-BC-WEBBANNER-CRANBERRY-1600x400-ES-XL-1-1024x256.png 1024w, https:\/\/revistarotariave.org\/wp-content\/uploads\/2025\/10\/PM2526-BC-WEBBANNER-CRANBERRY-1600x400-ES-XL-1-300x75.png 300w, https:\/\/revistarotariave.org\/wp-content\/uploads\/2025\/10\/PM2526-BC-WEBBANNER-CRANBERRY-1600x400-ES-XL-1-768x192.png 768w, https:\/\/revistarotariave.org\/wp-content\/uploads\/2025\/10\/PM2526-BC-WEBBANNER-CRANBERRY-1600x400-ES-XL-1-1536x384.png 1536w, https:\/\/revistarotariave.org\/wp-content\/uploads\/2025\/10\/PM2526-BC-WEBBANNER-CRANBERRY-1600x400-ES-XL-1.png 1600w\" sizes=\"(max-width: 1024px) 100vw, 1024px\" \/>\t\t\t\t\t\t\t\t\t\t\t\t\t\t\t<\/div>\n\t\t\t\t<\/div>\n\t\t\t\t<div class=\"elementor-element elementor-element-8256aa4 elementor-widget elementor-widget-spacer\" data-id=\"8256aa4\" data-element_type=\"widget\" data-e-type=\"widget\" data-widget_type=\"spacer.default\">\n\t\t\t\t<div class=\"elementor-widget-container\">\n\t\t\t\t\t\t\t<div class=\"elementor-spacer\">\n\t\t\t<div class=\"elementor-spacer-inner\"><\/div>\n\t\t<\/div>\n\t\t\t\t\t\t<\/div>\n\t\t\t\t<\/div>\n\t\t\t\t\t<\/div>\n\t\t<\/div>\n\t\t\t\t\t<\/div>\n\t\t<\/section>\n\t\t\t\t<\/div>\n\t\t","protected":false},"excerpt":{"rendered":"<p>El italiano Francesco Arezzo es elegido presidente de Rotary International 2025-2026 Francesco Arezzo, socio del Club Rotario de Ragusa (Italia), ha sido seleccionado por la Directiva de RI para ocupar el cargo de presidente de Rotary International 2025-2026. Arezzo asumir\u00e1 &hellip; <a href=\"https:\/\/revistarotariave.org\/index.php\/lemari\/\">Continuar<\/a><\/p>\n","protected":false},"author":1,"featured_media":0,"parent":0,"menu_order":0,"comment_status":"closed","ping_status":"closed","template":"","meta":{"_joinchat":[],"footnotes":""},"class_list":["post-791","page","type-page","status-publish","hentry"],"_links":{"self":[{"href":"https:\/\/revistarotariave.org\/index.php\/wp-json\/wp\/v2\/pages\/791","targetHints":{"allow":["GET"]}}],"collection":[{"href":"https:\/\/revistarotariave.org\/index.php\/wp-json\/wp\/v2\/pages"}],"about":[{"href":"https:\/\/revistarotariave.org\/index.php\/wp-json\/wp\/v2\/types\/page"}],"author":[{"embeddable":true,"href":"https:\/\/revistarotariave.org\/index.php\/wp-json\/wp\/v2\/users\/1"}],"replies":[{"embeddable":true,"href":"https:\/\/revistarotariave.org\/index.php\/wp-json\/wp\/v2\/comments?post=791"}],"version-history":[{"count":383,"href":"https:\/\/revistarotariave.org\/index.php\/wp-json\/wp\/v2\/pages\/791\/revisions"}],"predecessor-version":[{"id":11234,"href":"https:\/\/revistarotariave.org\/index.php\/wp-json\/wp\/v2\/pages\/791\/revisions\/11234"}],"wp:attachment":[{"href":"https:\/\/revistarotariave.org\/index.php\/wp-json\/wp\/v2\/media?parent=791"}],"curies":[{"name":"wp","href":"https:\/\/api.w.org\/{rel}","templated":true}]}}